{"id":942,"date":"2026-03-11T18:31:28","date_gmt":"2026-03-11T18:31:28","guid":{"rendered":"https:\/\/koreabtx.com\/?post_type=product&#038;p=942"},"modified":"2026-04-03T15:25:32","modified_gmt":"2026-04-03T15:25:32","slug":"sm-lido-cream-30-g","status":"publish","type":"product","link":"https:\/\/koreabtx.com\/pl\/produkt\/sm-lido-cream-30-g\/","title":{"rendered":"SM Lido Cream 30 g"},"content":{"rendered":"<p><span style=\"font-weight: 400;\">Krem SM Lido 30 g zosta\u0142 opracowany z my\u015bl\u0105 o precyzji i wygodzie;. Opakowanie w tubce o pojemno\u015bci 30 g idealnie nadaje si\u0119 do kr\u00f3tszych zabieg\u00f3w lub dla specjalist\u00f3w z bran\u017cy kosmetycznej, kt\u00f3rzy preferuj\u0105 kontrolowane dozowanie \u015brodka znieczulaj\u0105cego do stosowania miejscowego. Krem zaczyna dzia\u0142a\u0107 w ci\u0105gu 5\u201315 minut od na\u0142o\u017cenia, pomagaj\u0105c zmniejszy\u0107 dyskomfort podczas r\u00f3\u017cnych zabieg\u00f3w na sk\u00f3r\u0119.\n\nPrzet\u0142umaczono z DeepL.com (wersja darmowa)<\/span><\/p>\n<p><span style=\"font-weight: 400;\">Ten silnie dzia\u0142aj\u0105cy preparat z lidokain\u0105 zapewnia tymczasowe znieczulenie, kt\u00f3re utrzymuje si\u0119 nawet przez 60\u201390 minut, umo\u017cliwiaj\u0105c lekarzom wygodniejsze wykonywanie zabieg\u00f3w i poprawiaj\u0105c og\u00f3lny komfort pacjenta.<\/span><\/p>\n<p><span style=\"font-weight: 400;\">Krem SM Lido zosta\u0142 opracowany tak, aby by\u0142 hipoalergiczny i delikatny dla sk\u00f3ry, dzi\u0119ki czemu nadaje si\u0119 do stosowania na wra\u017cliwych obszarach, o ile stosuje si\u0119 go zgodnie z zaleceniami specjalist\u00f3w.<\/span><\/p>\n<p>&nbsp;<\/p>\n<h2><span style=\"font-weight: 400;\">G\u0142\u00f3wne Zalety<\/span><\/h2>\n<ul>\n<li style=\"font-weight: 400;\" aria-level=\"1\"><span style=\"font-weight: 400;\">Preparat o wysokim st\u0119\u017ceniu lidokainy (10,56%)<\/span><\/li>\n<li style=\"font-weight: 400;\" aria-level=\"1\"><span style=\"font-weight: 400;\">Szybkie dzia\u0142anie znieczulaj\u0105ce w ci\u0105gu 5\u201315 minut<\/span><\/li>\n<li style=\"font-weight: 400;\" aria-level=\"1\"><span style=\"font-weight: 400;\">Zapewnia dzia\u0142anie znieczulaj\u0105ce trwaj\u0105ce 60\u201390 minut<\/span><\/li>\n<li style=\"font-weight: 400;\" aria-level=\"1\"><span style=\"font-weight: 400;\">Pomaga zminimalizowa\u0107 dyskomfort podczas zabieg\u00f3w kosmetycznych<\/span><\/li>\n<li style=\"font-weight: 400;\" aria-level=\"1\"><span style=\"font-weight: 400;\">Kompaktowa tubka o pojemno\u015bci 30 g, zapewniaj\u0105ca precyzyjne i wygodne stosowanie<\/span><\/li>\n<li style=\"font-weight: 400;\" aria-level=\"1\"><span style=\"font-weight: 400;\">Hipoalergiczna formu\u0142a odpowiednia dla sk\u00f3ry wra\u017cliwej<\/span><\/li>\n<li style=\"font-weight: 400;\" aria-level=\"1\"><span style=\"font-weight: 400;\">Idealny do pojedynczych lub kr\u00f3tkich sesji zabiegowych<\/span><\/li>\n<\/ul>\n<p>&nbsp;<\/p>\n<h2><span style=\"font-weight: 400;\">Sk\u0142ad produktu<\/span><\/h2>\n<p><span style=\"font-weight: 400;\">Sk\u0142adnik aktywny<\/span><\/p>\n<ul>\n<li style=\"font-weight: 400;\" aria-level=\"1\"><span style=\"font-weight: 400;\">Lidocaine 10.56%<\/span><\/li>\n<\/ul>\n<p><span style=\"font-weight: 400;\">Pozosta\u0142e sk\u0142adniki<\/span><\/p>\n<ul>\n<li style=\"font-weight: 400;\" aria-level=\"1\"><span style=\"font-weight: 400;\">Metyloparaben<\/span><\/li>\n<li style=\"font-weight: 400;\" aria-level=\"1\"><span style=\"font-weight: 400;\">Myrystynian izopropylu<\/span><\/li>\n<li style=\"font-weight: 400;\" aria-level=\"1\"><span style=\"font-weight: 400;\">Alkohol stearylowy<\/span><\/li>\n<li style=\"font-weight: 400;\" aria-level=\"1\"><span style=\"font-weight: 400;\">Woda oczyszczona<\/span><\/li>\n<li style=\"font-weight: 400;\" aria-level=\"1\"><span style=\"font-weight: 400;\">Karbomer 940<\/span><\/li>\n<li style=\"font-weight: 400;\" aria-level=\"1\"><span style=\"font-weight: 400;\">Trolamina<\/span><\/li>\n<li style=\"font-weight: 400;\" aria-level=\"1\"><span style=\"font-weight: 400;\">Polisorbat 60<\/span><\/li>\n<li style=\"font-weight: 400;\" aria-level=\"1\"><span style=\"font-weight: 400;\">Glikol propylenowy<\/span><\/li>\n<\/ul>\n<p>&nbsp;<\/p>\n<h2><span style=\"font-weight: 400;\">Typowe zastosowania<\/span><\/h2>\n<p><span style=\"font-weight: 400;\">Krem SM Lido jest powszechnie stosowany przed zabiegami kosmetycznymi dotycz\u0105cymi sk\u00f3ry, w tym:<\/span><\/p>\n<ul>\n<li style=\"font-weight: 400;\" aria-level=\"1\"><span style=\"font-weight: 400;\">Zabiegi laserowe<\/span><\/li>\n<li style=\"font-weight: 400;\" aria-level=\"1\"><span style=\"font-weight: 400;\">Tatua\u017c i usuwanie tatua\u017cy<\/span><\/li>\n<li style=\"font-weight: 400;\" aria-level=\"1\"><span style=\"font-weight: 400;\">Peelingi chemiczne<\/span><\/li>\n<li style=\"font-weight: 400;\" aria-level=\"1\"><span style=\"font-weight: 400;\">Dermabrazja<\/span><\/li>\n<li style=\"font-weight: 400;\" aria-level=\"1\"><span style=\"font-weight: 400;\">Zastrzyki mezoterapeutyczne<\/span><\/li>\n<li style=\"font-weight: 400;\" aria-level=\"1\"><span style=\"font-weight: 400;\">Lifting za pomoc\u0105 nici<\/span><\/li>\n<li style=\"font-weight: 400;\" aria-level=\"1\"><span style=\"font-weight: 400;\">Epilacja<\/span><\/li>\n<li style=\"font-weight: 400;\" aria-level=\"1\"><span style=\"font-weight: 400;\">Drobne zabiegi dermatologiczne<\/span><\/li>\n<\/ul>\n<h2><span style=\"font-weight: 400;\">Post\u0119powanie terapeutyczne<\/span><\/h2>\n<ol>\n<li style=\"font-weight: 400;\" aria-level=\"1\"><span style=\"font-weight: 400;\">Przed zastosowaniem nale\u017cy wyczy\u015bci\u0107 i zdezynfekowa\u0107 obszar poddawany zabiegowi.<\/span><\/li>\n<li style=\"font-weight: 400;\" aria-level=\"1\"><span style=\"font-weight: 400;\">Na\u0142\u00f3\u017c odpowiedni\u0105 ilo\u015b\u0107 kremu SM Lido r\u00f3wnomiernie na wybrany obszar.<\/span><\/li>\n<li style=\"font-weight: 400;\" aria-level=\"1\"><span style=\"font-weight: 400;\">Przykryj foli\u0105 spo\u017cywcz\u0105 lub foli\u0105 okluzyjn\u0105, aby przyspieszy\u0107 wch\u0142anianie.<\/span><\/li>\n<li style=\"font-weight: 400;\" aria-level=\"1\"><span style=\"font-weight: 400;\">Nale\u017cy odczeka\u0107 5\u201315 minut, a\u017c \u015brodek znieczulaj\u0105cy zacznie dzia\u0142a\u0107 (w przypadku wra\u017cliwych obszar\u00f3w nawet do 25 minut).<\/span><\/li>\n<li style=\"font-weight: 400;\" aria-level=\"1\"><span style=\"font-weight: 400;\">Przed rozpocz\u0119ciem zabiegu nale\u017cy zdj\u0105\u0107 os\u0142on\u0119 i zetrze\u0107 resztki kremu.<\/span><\/li>\n<\/ol>\n<h2><span style=\"font-weight: 400;\">Czas dzia\u0142ania<\/span><\/h2>\n<p><span style=\"font-weight: 400;\">Efekt znieczulenia utrzymuje si\u0119 zazwyczaj od 60 do 90 minut, w zale\u017cno\u015bci od rodzaju zabiegu i wra\u017cliwo\u015bci pacjenta.<\/span><\/p>\n<h2><span style=\"font-weight: 400;\">Specyfikacja produktu<\/span><\/h2>\n<ul>\n<li style=\"font-weight: 400;\" aria-level=\"1\"><span style=\"font-weight: 400;\">Produkt: Krem SM Lido<\/span><\/li>\n<li style=\"font-weight: 400;\" aria-level=\"1\"><span style=\"font-weight: 400;\">Wielko\u015b\u0107: tubka 30 g<\/span><\/li>\n<li style=\"font-weight: 400;\" aria-level=\"1\"><span style=\"font-weight: 400;\">Wygl\u0105d: od bia\u0142ego do \u017c\u00f3\u0142tawo-kremowego<\/span><\/li>\n<li style=\"font-weight: 400;\" aria-level=\"1\"><span style=\"font-weight: 400;\">Spos\u00f3b stosowania: Stosowanie miejscowe<\/span><\/li>\n<li style=\"font-weight: 400;\" aria-level=\"1\"><span style=\"font-weight: 400;\">Okres przydatno\u015bci do spo\u017cycia: 36 miesi\u0119cy (w nieotwartym opakowaniu)<\/span><\/li>\n<li style=\"font-weight: 400;\" aria-level=\"1\"><span style=\"font-weight: 400;\">Producent: Austin Pharm Co., Ltd.<\/span><\/li>\n<li style=\"font-weight: 400;\" aria-level=\"1\"><span style=\"font-weight: 400;\">Kraj pochodzenia: Korea Po\u0142udniowa<\/span><\/li>\n<\/ul>\n<p><span style=\"font-weight: 400;\">Zam\u00f3w krem SM Lido 30 g<\/span><\/p>\n<p><span style=\"font-weight: 400;\">Wybierz krem SM Lido 30 g \u2013 niezawodny \u015brodek znieczulaj\u0105cy do stosowania miejscowego, kt\u00f3ry zapewnia szybkie i skuteczne znieczulenie przed zabiegami kosmetycznymi. Kompaktowa tubka i wysokie st\u0119\u017cenie lidokainy sprawiaj\u0105, \u017ce jest to wygodny produkt do precyzyjnego nak\u0142adania podczas profesjonalnych zabieg\u00f3w.<\/span><\/p>","protected":false},"excerpt":{"rendered":"<p><span style=\"font-weight: 400;\">SM Lido Cream 30 g to silnie dzia\u0142aj\u0105cy krem znieczulaj\u0105cy do stosowania miejscowego, zawieraj\u0105cy 10,56% lidokainy, zapewniaj\u0105cy szybkie i skuteczne znieczulenie przed zabiegami kosmetycznymi. Formu\u0142a produktu, opracowana przy u\u017cyciu zaawansowanych technologii farmaceutycznych w Korei Po\u0142udniowej, spe\u0142nia normy jako\u015bci KFDA, gwarantuj\u0105c niezawodne dzia\u0142anie i wysok\u0105 jako\u015b\u0107.<\/span><\/p>","protected":false},"featured_media":940,"comment_status":"open","ping_status":"closed","template":"","meta":{"_bst_post_transparent":"default","_bst_post_title":"","_bst_post_layout":"default","_bst_post_sidebar_id":"","_bst_post_content_style":"default","_bst_post_vertical_padding":"default","_bst_post_feature":"","_bst_post_feature_position":"","_bst_post_header":false,"_bst_post_footer":false},"product_brand":[],"product_cat":[113],"product_tag":[],"product_brands":[],"class_list":{"0":"post-942","1":"product","2":"type-product","3":"status-publish","4":"has-post-thumbnail","6":"product_cat-pre-treatment-creams","8":"first","9":"instock","10":"shipping-taxable","11":"purchasable","12":"product-type-simple","13":"entry","14":"content-bg","15":"loop-entry"},"yoast_head":"<!-- This site is optimized with the Yoast SEO plugin v27.4 - https:\/\/yoast.com\/product\/yoast-seo-wordpress\/ -->\n<title>SM Lido Cream 30 g - koreaBTX<\/title>\n<meta name=\"description\" content=\"SM Lido Cream 30 g is designed for precision and convenience, the 30 g tube format is ideal for smaller treatment sessions or for aesthetic professionals.\" \/>\n<meta name=\"robots\" content=\"index, follow, max-snippet:-1, max-image-preview:large, max-video-preview:-1\" \/>\n<link rel=\"canonical\" href=\"https:\/\/koreabtx.com\/pl\/produkt\/sm-lido-cream-30-g\/\" \/>\n<meta property=\"og:locale\" content=\"pl_PL\" \/>\n<meta property=\"og:type\" content=\"article\" \/>\n<meta property=\"og:title\" content=\"SM Lido Cream 30 g - koreaBTX\" \/>\n<meta property=\"og:description\" content=\"SM Lido Cream 30 g is designed for precision and convenience, the 30 g tube format is ideal for smaller treatment sessions or for aesthetic professionals.\" \/>\n<meta property=\"og:url\" content=\"https:\/\/koreabtx.com\/pl\/produkt\/sm-lido-cream-30-g\/\" \/>\n<meta property=\"og:site_name\" content=\"koreaBTX\" \/>\n<meta property=\"article:modified_time\" content=\"2026-04-03T15:25:32+00:00\" \/>\n<meta property=\"og:image\" content=\"https:\/\/koreabtx.com\/wp-content\/uploads\/2026\/03\/SMLido30.jpg\" \/>\n\t<meta property=\"og:image:width\" content=\"1024\" \/>\n\t<meta property=\"og:image:height\" content=\"1024\" \/>\n\t<meta property=\"og:image:type\" content=\"image\/jpeg\" \/>\n<meta name=\"twitter:card\" content=\"summary_large_image\" \/>\n<meta name=\"twitter:label1\" content=\"Szacowany czas czytania\" \/>\n\t<meta name=\"twitter:data1\" content=\"2 minuty\" \/>\n<script type=\"application\/ld+json\" class=\"yoast-schema-graph\">{\"@context\":\"https:\\\/\\\/schema.org\",\"@graph\":[{\"@type\":\"WebPage\",\"@id\":\"https:\\\/\\\/koreabtx.com\\\/product\\\/sm-lido-cream-30-g\\\/\",\"url\":\"https:\\\/\\\/koreabtx.com\\\/product\\\/sm-lido-cream-30-g\\\/\",\"name\":\"SM Lido Cream 30 g - koreaBTX\",\"isPartOf\":{\"@id\":\"https:\\\/\\\/koreabtx.com\\\/#website\"},\"primaryImageOfPage\":{\"@id\":\"https:\\\/\\\/koreabtx.com\\\/product\\\/sm-lido-cream-30-g\\\/#primaryimage\"},\"image\":{\"@id\":\"https:\\\/\\\/koreabtx.com\\\/product\\\/sm-lido-cream-30-g\\\/#primaryimage\"},\"thumbnailUrl\":\"https:\\\/\\\/koreabtx.com\\\/wp-content\\\/uploads\\\/2026\\\/03\\\/SMLido30.jpg\",\"datePublished\":\"2026-03-11T18:31:28+00:00\",\"dateModified\":\"2026-04-03T15:25:32+00:00\",\"description\":\"SM Lido Cream 30 g is designed for precision and convenience, the 30 g tube format is ideal for smaller treatment sessions or for aesthetic professionals.\",\"breadcrumb\":{\"@id\":\"https:\\\/\\\/koreabtx.com\\\/product\\\/sm-lido-cream-30-g\\\/#breadcrumb\"},\"inLanguage\":\"pl-PL\",\"potentialAction\":[{\"@type\":\"ReadAction\",\"target\":[\"https:\\\/\\\/koreabtx.com\\\/product\\\/sm-lido-cream-30-g\\\/\"]}]},{\"@type\":\"ImageObject\",\"inLanguage\":\"pl-PL\",\"@id\":\"https:\\\/\\\/koreabtx.com\\\/product\\\/sm-lido-cream-30-g\\\/#primaryimage\",\"url\":\"https:\\\/\\\/koreabtx.com\\\/wp-content\\\/uploads\\\/2026\\\/03\\\/SMLido30.jpg\",\"contentUrl\":\"https:\\\/\\\/koreabtx.com\\\/wp-content\\\/uploads\\\/2026\\\/03\\\/SMLido30.jpg\",\"width\":1024,\"height\":1024,\"caption\":\"SM Lido Cream 30g\"},{\"@type\":\"BreadcrumbList\",\"@id\":\"https:\\\/\\\/koreabtx.com\\\/product\\\/sm-lido-cream-30-g\\\/#breadcrumb\",\"itemListElement\":[{\"@type\":\"ListItem\",\"position\":1,\"name\":\"Home\",\"item\":\"https:\\\/\\\/koreabtx.com\\\/\"},{\"@type\":\"ListItem\",\"position\":2,\"name\":\"Shop\",\"item\":\"https:\\\/\\\/koreabtx.com\\\/shop\\\/\"},{\"@type\":\"ListItem\",\"position\":3,\"name\":\"SM Lido Cream 30 g\"}]},{\"@type\":\"WebSite\",\"@id\":\"https:\\\/\\\/koreabtx.com\\\/#website\",\"url\":\"https:\\\/\\\/koreabtx.com\\\/\",\"name\":\"koreaBTX\",\"description\":\"\",\"publisher\":{\"@id\":\"https:\\\/\\\/koreabtx.com\\\/#organization\"},\"potentialAction\":[{\"@type\":\"SearchAction\",\"target\":{\"@type\":\"EntryPoint\",\"urlTemplate\":\"https:\\\/\\\/koreabtx.com\\\/?s={search_term_string}\"},\"query-input\":{\"@type\":\"PropertyValueSpecification\",\"valueRequired\":true,\"valueName\":\"search_term_string\"}}],\"inLanguage\":\"pl-PL\"},{\"@type\":\"Organization\",\"@id\":\"https:\\\/\\\/koreabtx.com\\\/#organization\",\"name\":\"koreaBTX\",\"url\":\"https:\\\/\\\/koreabtx.com\\\/\",\"logo\":{\"@type\":\"ImageObject\",\"inLanguage\":\"pl-PL\",\"@id\":\"https:\\\/\\\/koreabtx.com\\\/#\\\/schema\\\/logo\\\/image\\\/\",\"url\":\"https:\\\/\\\/koreabtx.com\\\/wp-content\\\/uploads\\\/2026\\\/02\\\/logo.png\",\"contentUrl\":\"https:\\\/\\\/koreabtx.com\\\/wp-content\\\/uploads\\\/2026\\\/02\\\/logo.png\",\"width\":289,\"height\":60,\"caption\":\"koreaBTX\"},\"image\":{\"@id\":\"https:\\\/\\\/koreabtx.com\\\/#\\\/schema\\\/logo\\\/image\\\/\"},\"sameAs\":[\"https:\\\/\\\/www.instagram.com\\\/koreabtx_shop\\\/\",\"https:\\\/\\\/www.tiktok.com\\\/@koreabtx_shop\"]}]}<\/script>\n<!-- \/ Yoast SEO plugin. -->","yoast_head_json":{"title":"SM Lido Cream 30 g - koreaBTX","description":"SM Lido Cream 30 g is designed for precision and convenience, the 30 g tube format is ideal for smaller treatment sessions or for aesthetic professionals.","robots":{"index":"index","follow":"follow","max-snippet":"max-snippet:-1","max-image-preview":"max-image-preview:large","max-video-preview":"max-video-preview:-1"},"canonical":"https:\/\/koreabtx.com\/pl\/produkt\/sm-lido-cream-30-g\/","og_locale":"pl_PL","og_type":"article","og_title":"SM Lido Cream 30 g - koreaBTX","og_description":"SM Lido Cream 30 g is designed for precision and convenience, the 30 g tube format is ideal for smaller treatment sessions or for aesthetic professionals.","og_url":"https:\/\/koreabtx.com\/pl\/produkt\/sm-lido-cream-30-g\/","og_site_name":"koreaBTX","article_modified_time":"2026-04-03T15:25:32+00:00","og_image":[{"width":1024,"height":1024,"url":"https:\/\/koreabtx.com\/wp-content\/uploads\/2026\/03\/SMLido30.jpg","type":"image\/jpeg"}],"twitter_card":"summary_large_image","twitter_misc":{"Szacowany czas czytania":"2 minuty"},"schema":{"@context":"https:\/\/schema.org","@graph":[{"@type":"WebPage","@id":"https:\/\/koreabtx.com\/product\/sm-lido-cream-30-g\/","url":"https:\/\/koreabtx.com\/product\/sm-lido-cream-30-g\/","name":"SM Lido Cream 30 g - koreaBTX","isPartOf":{"@id":"https:\/\/koreabtx.com\/#website"},"primaryImageOfPage":{"@id":"https:\/\/koreabtx.com\/product\/sm-lido-cream-30-g\/#primaryimage"},"image":{"@id":"https:\/\/koreabtx.com\/product\/sm-lido-cream-30-g\/#primaryimage"},"thumbnailUrl":"https:\/\/koreabtx.com\/wp-content\/uploads\/2026\/03\/SMLido30.jpg","datePublished":"2026-03-11T18:31:28+00:00","dateModified":"2026-04-03T15:25:32+00:00","description":"SM Lido Cream 30 g is designed for precision and convenience, the 30 g tube format is ideal for smaller treatment sessions or for aesthetic professionals.","breadcrumb":{"@id":"https:\/\/koreabtx.com\/product\/sm-lido-cream-30-g\/#breadcrumb"},"inLanguage":"pl-PL","potentialAction":[{"@type":"ReadAction","target":["https:\/\/koreabtx.com\/product\/sm-lido-cream-30-g\/"]}]},{"@type":"ImageObject","inLanguage":"pl-PL","@id":"https:\/\/koreabtx.com\/product\/sm-lido-cream-30-g\/#primaryimage","url":"https:\/\/koreabtx.com\/wp-content\/uploads\/2026\/03\/SMLido30.jpg","contentUrl":"https:\/\/koreabtx.com\/wp-content\/uploads\/2026\/03\/SMLido30.jpg","width":1024,"height":1024,"caption":"SM Lido Cream 30g"},{"@type":"BreadcrumbList","@id":"https:\/\/koreabtx.com\/product\/sm-lido-cream-30-g\/#breadcrumb","itemListElement":[{"@type":"ListItem","position":1,"name":"Home","item":"https:\/\/koreabtx.com\/"},{"@type":"ListItem","position":2,"name":"Shop","item":"https:\/\/koreabtx.com\/shop\/"},{"@type":"ListItem","position":3,"name":"SM Lido Cream 30 g"}]},{"@type":"WebSite","@id":"https:\/\/koreabtx.com\/#website","url":"https:\/\/koreabtx.com\/","name":"koreaBTX","description":"","publisher":{"@id":"https:\/\/koreabtx.com\/#organization"},"potentialAction":[{"@type":"SearchAction","target":{"@type":"EntryPoint","urlTemplate":"https:\/\/koreabtx.com\/?s={search_term_string}"},"query-input":{"@type":"PropertyValueSpecification","valueRequired":true,"valueName":"search_term_string"}}],"inLanguage":"pl-PL"},{"@type":"Organization","@id":"https:\/\/koreabtx.com\/#organization","name":"koreaBTX","url":"https:\/\/koreabtx.com\/","logo":{"@type":"ImageObject","inLanguage":"pl-PL","@id":"https:\/\/koreabtx.com\/#\/schema\/logo\/image\/","url":"https:\/\/koreabtx.com\/wp-content\/uploads\/2026\/02\/logo.png","contentUrl":"https:\/\/koreabtx.com\/wp-content\/uploads\/2026\/02\/logo.png","width":289,"height":60,"caption":"koreaBTX"},"image":{"@id":"https:\/\/koreabtx.com\/#\/schema\/logo\/image\/"},"sameAs":["https:\/\/www.instagram.com\/koreabtx_shop\/","https:\/\/www.tiktok.com\/@koreabtx_shop"]}]}},"_links":{"self":[{"href":"https:\/\/koreabtx.com\/pl\/wp-json\/wp\/v2\/product\/942","targetHints":{"allow":["GET"]}}],"collection":[{"href":"https:\/\/koreabtx.com\/pl\/wp-json\/wp\/v2\/product"}],"about":[{"href":"https:\/\/koreabtx.com\/pl\/wp-json\/wp\/v2\/types\/product"}],"replies":[{"embeddable":true,"href":"https:\/\/koreabtx.com\/pl\/wp-json\/wp\/v2\/comments?post=942"}],"wp:featuredmedia":[{"embeddable":true,"href":"https:\/\/koreabtx.com\/pl\/wp-json\/wp\/v2\/media\/940"}],"wp:attachment":[{"href":"https:\/\/koreabtx.com\/pl\/wp-json\/wp\/v2\/media?parent=942"}],"wp:term":[{"taxonomy":"product_brand","embeddable":true,"href":"https:\/\/koreabtx.com\/pl\/wp-json\/wp\/v2\/product_brand?post=942"},{"taxonomy":"product_cat","embeddable":true,"href":"https:\/\/koreabtx.com\/pl\/wp-json\/wp\/v2\/product_cat?post=942"},{"taxonomy":"product_tag","embeddable":true,"href":"https:\/\/koreabtx.com\/pl\/wp-json\/wp\/v2\/product_tag?post=942"},{"taxonomy":"product_brands","embeddable":true,"href":"https:\/\/koreabtx.com\/pl\/wp-json\/wp\/v2\/product_brands?post=942"}],"curies":[{"name":"wp","href":"https:\/\/api.w.org\/{rel}","templated":true}]}}