{"id":944,"date":"2026-03-11T18:41:56","date_gmt":"2026-03-11T18:41:56","guid":{"rendered":"https:\/\/koreabtx.com\/?post_type=product&#038;p=944"},"modified":"2026-04-03T15:24:07","modified_gmt":"2026-04-03T15:24:07","slug":"ami-eyes","status":"publish","type":"product","link":"https:\/\/koreabtx.com\/pl\/produkt\/ami-eyes\/","title":{"rendered":"Ami Eyes"},"content":{"rendered":"<p><span style=\"font-weight: 400;\">Ami Eyes is a premium polynucleotide (PN) injectable solution formulated with purified DNA derived from salmon. This highly refined regenerative ingredient supports skin repair, improves elasticity, and helps restore damaged dermal tissue.\u00a0<\/span><\/p>\n<p><span style=\"font-weight: 400;\">The treatment is commonly used in the under-eye area and tear trough, where skin is thinner and more prone to wrinkles and dullness. By stimulating skin renewal at the cellular level, Ami Eyes helps improve overall skin quality, creating a smoother, brighter, and more youthful appearance.<\/span><\/p>\n<h3><span style=\"font-weight: 400;\">G\u0142\u00f3wne Zalety<\/span><\/h3>\n<ul>\n<li style=\"font-weight: 400;\" aria-level=\"1\"><span style=\"font-weight: 400;\">Helps reduce fine lines and wrinkles<\/span><\/li>\n<li style=\"font-weight: 400;\" aria-level=\"1\"><span style=\"font-weight: 400;\">Improves skin elasticity and firmness<\/span><\/li>\n<li style=\"font-weight: 400;\" aria-level=\"1\"><span style=\"font-weight: 400;\">Promotes skin regeneration and repair<\/span><\/li>\n<li style=\"font-weight: 400;\" aria-level=\"1\"><span style=\"font-weight: 400;\">Supports brighter and more even skin tone<\/span><\/li>\n<li style=\"font-weight: 400;\" aria-level=\"1\"><span style=\"font-weight: 400;\">Rejuvenates delicate under-eye skin<\/span><\/li>\n<\/ul>\n<h3><span style=\"font-weight: 400;\">Product Details<\/span><\/h3>\n<ul>\n<li style=\"font-weight: 400;\" aria-level=\"1\"><span style=\"font-weight: 400;\">Active Ingredient: Polynucleotide (PN) 1%<\/span><\/li>\n<li style=\"font-weight: 400;\" aria-level=\"1\"><span style=\"font-weight: 400;\">Concentration: 2 mg\/mL<\/span><\/li>\n<li style=\"font-weight: 400;\" aria-level=\"1\"><span style=\"font-weight: 400;\">Volume: 2.0 mL \u00d7 1 syringe<\/span><\/li>\n<li style=\"font-weight: 400;\" aria-level=\"1\"><span style=\"font-weight: 400;\">Administration: Intradermal injection<\/span><\/li>\n<li style=\"font-weight: 400;\" aria-level=\"1\"><span style=\"font-weight: 400;\">Treatment Protocol: 3 sessions recommended every 20\u201330 days<\/span><\/li>\n<li style=\"font-weight: 400;\" aria-level=\"1\"><span style=\"font-weight: 400;\">Storage: Store at room temperature<\/span><\/li>\n<\/ul>\n<h3><span style=\"font-weight: 400;\">Recommended Combination Treatment<\/span><\/h3>\n<p><span style=\"font-weight: 400;\">For enhanced skin rejuvenation results, Ami Eyes may be combined with:<\/span><\/p>\n<ul>\n<li style=\"font-weight: 400;\" aria-level=\"1\"><span style=\"font-weight: 400;\">Colladerm<\/span><\/li>\n<li style=\"font-weight: 400;\" aria-level=\"1\"><span style=\"font-weight: 400;\">AMI Eyes<\/span><\/li>\n<li style=\"font-weight: 400;\" aria-level=\"1\"><span style=\"font-weight: 400;\">NCTF injections<\/span><\/li>\n<\/ul>\n<p><span style=\"font-weight: 400;\">This combination is often used to achieve the well-known \u201cSnow White effect\u201d, improving skin elasticity, reducing wrinkles, rejuvenating the skin, and enhancing brightness.<\/span><\/p>\n<h3><span style=\"font-weight: 400;\">Treatment Areas<\/span><\/h3>\n<ul>\n<li style=\"font-weight: 400;\" aria-level=\"1\"><span style=\"font-weight: 400;\">Under-eye area<\/span><\/li>\n<li style=\"font-weight: 400;\" aria-level=\"1\"><span style=\"font-weight: 400;\">Tear trough<\/span><\/li>\n<li style=\"font-weight: 400;\" aria-level=\"1\"><span style=\"font-weight: 400;\">Overall facial skin rejuvenation<\/span><\/li>\n<\/ul>\n<h3><span style=\"font-weight: 400;\">Product Origin<\/span><\/h3>\n<p><span style=\"font-weight: 400;\">Country of Origin: Korea<\/span><\/p>\n<h3><span style=\"font-weight: 400;\">Shipping<\/span><\/h3>\n<p><span style=\"font-weight: 400;\">Available for international shipping worldwide.<\/span><\/p>\n<h3><span style=\"font-weight: 400;\">Order Ami Eyes Today<\/span><\/h3>\n<p><span style=\"font-weight: 400;\">Enhance your aesthetic practice with Ami Eyes, an advanced polynucleotide solution designed to restore and revitalize delicate skin around the eyes.<\/span><\/p>\n<p><span style=\"font-weight: 400;\">Add Ami Eyes to your clinic\u2019s treatment portfolio and offer your clients a modern regenerative solution for smoother, brighter, and healthier-looking skin.<\/span><\/p>\n<p><span style=\"font-weight: 400;\">Zam\u00f3w ju\u017c teraz \u2013 zapewniamy bezproblemow\u0105 i szybk\u0105 dostaw\u0119 pod dowolny adres w UE!<\/span><\/p>\n<h3><span style=\"font-weight: 400;\">Wy\u0142\u0105czenie odpowiedzialno\u015bci<\/span><\/h3>\n<p>&nbsp;<\/p>\n<p><span style=\"font-weight: 400;\">For professional use only. This product should be administered by licensed aesthetic professionals and is not intended for personal or home use.<\/span><\/p>","protected":false},"excerpt":{"rendered":"<p><span style=\"font-weight: 400;\">Looking to reduce fine lines, refresh tired eyes, and restore a smoother, brighter complexion? Ami Eyes is an advanced skin rejuvenation injectable designed to improve the delicate skin around the eyes while promoting natural dermal regeneration.<\/span><\/p>","protected":false},"featured_media":948,"comment_status":"open","ping_status":"closed","template":"","meta":{"_bst_post_transparent":"default","_bst_post_title":"","_bst_post_layout":"default","_bst_post_sidebar_id":"","_bst_post_content_style":"default","_bst_post_vertical_padding":"default","_bst_post_feature":"","_bst_post_feature_position":"","_bst_post_header":false,"_bst_post_footer":false},"product_brand":[],"product_cat":[46],"product_tag":[],"product_brands":[],"class_list":{"0":"post-944","1":"product","2":"type-product","3":"status-publish","4":"has-post-thumbnail","6":"product_cat-stimulators","8":"first","9":"instock","10":"shipping-taxable","11":"purchasable","12":"product-type-simple","13":"entry","14":"content-bg","15":"loop-entry"},"yoast_head":"<!-- This site is optimized with the Yoast SEO plugin v27.4 - https:\/\/yoast.com\/product\/yoast-seo-wordpress\/ -->\n<title>Ami Eyes - koreaBTX<\/title>\n<meta name=\"description\" content=\"Ami Eyes is a polynucleotide (PN) injectable solution formulated with purified DNA. This highly refined regenerative ingredient supports skin repair.\" \/>\n<meta name=\"robots\" content=\"index, follow, max-snippet:-1, max-image-preview:large, max-video-preview:-1\" \/>\n<link rel=\"canonical\" href=\"https:\/\/koreabtx.com\/pl\/produkt\/ami-eyes\/\" \/>\n<meta property=\"og:locale\" content=\"pl_PL\" \/>\n<meta property=\"og:type\" content=\"article\" \/>\n<meta property=\"og:title\" content=\"Ami Eyes - koreaBTX\" \/>\n<meta property=\"og:description\" content=\"Ami Eyes is a polynucleotide (PN) injectable solution formulated with purified DNA. This highly refined regenerative ingredient supports skin repair.\" \/>\n<meta property=\"og:url\" content=\"https:\/\/koreabtx.com\/pl\/produkt\/ami-eyes\/\" \/>\n<meta property=\"og:site_name\" content=\"koreaBTX\" \/>\n<meta property=\"article:modified_time\" content=\"2026-04-03T15:24:07+00:00\" \/>\n<meta property=\"og:image\" content=\"https:\/\/koreabtx.com\/wp-content\/uploads\/2026\/03\/AmiEyesN.jpg\" \/>\n\t<meta property=\"og:image:width\" content=\"1024\" \/>\n\t<meta property=\"og:image:height\" content=\"1024\" \/>\n\t<meta property=\"og:image:type\" content=\"image\/jpeg\" \/>\n<meta name=\"twitter:card\" content=\"summary_large_image\" \/>\n<meta name=\"twitter:label1\" content=\"Szacowany czas czytania\" \/>\n\t<meta name=\"twitter:data1\" content=\"2 minuty\" \/>\n<script type=\"application\/ld+json\" class=\"yoast-schema-graph\">{\"@context\":\"https:\\\/\\\/schema.org\",\"@graph\":[{\"@type\":\"WebPage\",\"@id\":\"https:\\\/\\\/koreabtx.com\\\/product\\\/ami-eyes\\\/\",\"url\":\"https:\\\/\\\/koreabtx.com\\\/product\\\/ami-eyes\\\/\",\"name\":\"Ami Eyes - koreaBTX\",\"isPartOf\":{\"@id\":\"https:\\\/\\\/koreabtx.com\\\/#website\"},\"primaryImageOfPage\":{\"@id\":\"https:\\\/\\\/koreabtx.com\\\/product\\\/ami-eyes\\\/#primaryimage\"},\"image\":{\"@id\":\"https:\\\/\\\/koreabtx.com\\\/product\\\/ami-eyes\\\/#primaryimage\"},\"thumbnailUrl\":\"https:\\\/\\\/koreabtx.com\\\/wp-content\\\/uploads\\\/2026\\\/03\\\/AmiEyesN.jpg\",\"datePublished\":\"2026-03-11T18:41:56+00:00\",\"dateModified\":\"2026-04-03T15:24:07+00:00\",\"description\":\"Ami Eyes is a polynucleotide (PN) injectable solution formulated with purified DNA. This highly refined regenerative ingredient supports skin repair.\",\"breadcrumb\":{\"@id\":\"https:\\\/\\\/koreabtx.com\\\/product\\\/ami-eyes\\\/#breadcrumb\"},\"inLanguage\":\"pl-PL\",\"potentialAction\":[{\"@type\":\"ReadAction\",\"target\":[\"https:\\\/\\\/koreabtx.com\\\/product\\\/ami-eyes\\\/\"]}]},{\"@type\":\"ImageObject\",\"inLanguage\":\"pl-PL\",\"@id\":\"https:\\\/\\\/koreabtx.com\\\/product\\\/ami-eyes\\\/#primaryimage\",\"url\":\"https:\\\/\\\/koreabtx.com\\\/wp-content\\\/uploads\\\/2026\\\/03\\\/AmiEyesN.jpg\",\"contentUrl\":\"https:\\\/\\\/koreabtx.com\\\/wp-content\\\/uploads\\\/2026\\\/03\\\/AmiEyesN.jpg\",\"width\":1024,\"height\":1024},{\"@type\":\"BreadcrumbList\",\"@id\":\"https:\\\/\\\/koreabtx.com\\\/product\\\/ami-eyes\\\/#breadcrumb\",\"itemListElement\":[{\"@type\":\"ListItem\",\"position\":1,\"name\":\"Home\",\"item\":\"https:\\\/\\\/koreabtx.com\\\/\"},{\"@type\":\"ListItem\",\"position\":2,\"name\":\"Shop\",\"item\":\"https:\\\/\\\/koreabtx.com\\\/shop\\\/\"},{\"@type\":\"ListItem\",\"position\":3,\"name\":\"Ami Eyes\"}]},{\"@type\":\"WebSite\",\"@id\":\"https:\\\/\\\/koreabtx.com\\\/#website\",\"url\":\"https:\\\/\\\/koreabtx.com\\\/\",\"name\":\"koreaBTX\",\"description\":\"\",\"publisher\":{\"@id\":\"https:\\\/\\\/koreabtx.com\\\/#organization\"},\"potentialAction\":[{\"@type\":\"SearchAction\",\"target\":{\"@type\":\"EntryPoint\",\"urlTemplate\":\"https:\\\/\\\/koreabtx.com\\\/?s={search_term_string}\"},\"query-input\":{\"@type\":\"PropertyValueSpecification\",\"valueRequired\":true,\"valueName\":\"search_term_string\"}}],\"inLanguage\":\"pl-PL\"},{\"@type\":\"Organization\",\"@id\":\"https:\\\/\\\/koreabtx.com\\\/#organization\",\"name\":\"koreaBTX\",\"url\":\"https:\\\/\\\/koreabtx.com\\\/\",\"logo\":{\"@type\":\"ImageObject\",\"inLanguage\":\"pl-PL\",\"@id\":\"https:\\\/\\\/koreabtx.com\\\/#\\\/schema\\\/logo\\\/image\\\/\",\"url\":\"https:\\\/\\\/koreabtx.com\\\/wp-content\\\/uploads\\\/2026\\\/02\\\/logo.png\",\"contentUrl\":\"https:\\\/\\\/koreabtx.com\\\/wp-content\\\/uploads\\\/2026\\\/02\\\/logo.png\",\"width\":289,\"height\":60,\"caption\":\"koreaBTX\"},\"image\":{\"@id\":\"https:\\\/\\\/koreabtx.com\\\/#\\\/schema\\\/logo\\\/image\\\/\"},\"sameAs\":[\"https:\\\/\\\/www.instagram.com\\\/koreabtx_shop\\\/\",\"https:\\\/\\\/www.tiktok.com\\\/@koreabtx_shop\"]}]}<\/script>\n<!-- \/ Yoast SEO plugin. -->","yoast_head_json":{"title":"Ami Eyes - koreaBTX","description":"Ami Eyes is a polynucleotide (PN) injectable solution formulated with purified DNA. This highly refined regenerative ingredient supports skin repair.","robots":{"index":"index","follow":"follow","max-snippet":"max-snippet:-1","max-image-preview":"max-image-preview:large","max-video-preview":"max-video-preview:-1"},"canonical":"https:\/\/koreabtx.com\/pl\/produkt\/ami-eyes\/","og_locale":"pl_PL","og_type":"article","og_title":"Ami Eyes - koreaBTX","og_description":"Ami Eyes is a polynucleotide (PN) injectable solution formulated with purified DNA. This highly refined regenerative ingredient supports skin repair.","og_url":"https:\/\/koreabtx.com\/pl\/produkt\/ami-eyes\/","og_site_name":"koreaBTX","article_modified_time":"2026-04-03T15:24:07+00:00","og_image":[{"width":1024,"height":1024,"url":"https:\/\/koreabtx.com\/wp-content\/uploads\/2026\/03\/AmiEyesN.jpg","type":"image\/jpeg"}],"twitter_card":"summary_large_image","twitter_misc":{"Szacowany czas czytania":"2 minuty"},"schema":{"@context":"https:\/\/schema.org","@graph":[{"@type":"WebPage","@id":"https:\/\/koreabtx.com\/product\/ami-eyes\/","url":"https:\/\/koreabtx.com\/product\/ami-eyes\/","name":"Ami Eyes - koreaBTX","isPartOf":{"@id":"https:\/\/koreabtx.com\/#website"},"primaryImageOfPage":{"@id":"https:\/\/koreabtx.com\/product\/ami-eyes\/#primaryimage"},"image":{"@id":"https:\/\/koreabtx.com\/product\/ami-eyes\/#primaryimage"},"thumbnailUrl":"https:\/\/koreabtx.com\/wp-content\/uploads\/2026\/03\/AmiEyesN.jpg","datePublished":"2026-03-11T18:41:56+00:00","dateModified":"2026-04-03T15:24:07+00:00","description":"Ami Eyes is a polynucleotide (PN) injectable solution formulated with purified DNA. This highly refined regenerative ingredient supports skin repair.","breadcrumb":{"@id":"https:\/\/koreabtx.com\/product\/ami-eyes\/#breadcrumb"},"inLanguage":"pl-PL","potentialAction":[{"@type":"ReadAction","target":["https:\/\/koreabtx.com\/product\/ami-eyes\/"]}]},{"@type":"ImageObject","inLanguage":"pl-PL","@id":"https:\/\/koreabtx.com\/product\/ami-eyes\/#primaryimage","url":"https:\/\/koreabtx.com\/wp-content\/uploads\/2026\/03\/AmiEyesN.jpg","contentUrl":"https:\/\/koreabtx.com\/wp-content\/uploads\/2026\/03\/AmiEyesN.jpg","width":1024,"height":1024},{"@type":"BreadcrumbList","@id":"https:\/\/koreabtx.com\/product\/ami-eyes\/#breadcrumb","itemListElement":[{"@type":"ListItem","position":1,"name":"Home","item":"https:\/\/koreabtx.com\/"},{"@type":"ListItem","position":2,"name":"Shop","item":"https:\/\/koreabtx.com\/shop\/"},{"@type":"ListItem","position":3,"name":"Ami Eyes"}]},{"@type":"WebSite","@id":"https:\/\/koreabtx.com\/#website","url":"https:\/\/koreabtx.com\/","name":"koreaBTX","description":"","publisher":{"@id":"https:\/\/koreabtx.com\/#organization"},"potentialAction":[{"@type":"SearchAction","target":{"@type":"EntryPoint","urlTemplate":"https:\/\/koreabtx.com\/?s={search_term_string}"},"query-input":{"@type":"PropertyValueSpecification","valueRequired":true,"valueName":"search_term_string"}}],"inLanguage":"pl-PL"},{"@type":"Organization","@id":"https:\/\/koreabtx.com\/#organization","name":"koreaBTX","url":"https:\/\/koreabtx.com\/","logo":{"@type":"ImageObject","inLanguage":"pl-PL","@id":"https:\/\/koreabtx.com\/#\/schema\/logo\/image\/","url":"https:\/\/koreabtx.com\/wp-content\/uploads\/2026\/02\/logo.png","contentUrl":"https:\/\/koreabtx.com\/wp-content\/uploads\/2026\/02\/logo.png","width":289,"height":60,"caption":"koreaBTX"},"image":{"@id":"https:\/\/koreabtx.com\/#\/schema\/logo\/image\/"},"sameAs":["https:\/\/www.instagram.com\/koreabtx_shop\/","https:\/\/www.tiktok.com\/@koreabtx_shop"]}]}},"_links":{"self":[{"href":"https:\/\/koreabtx.com\/pl\/wp-json\/wp\/v2\/product\/944","targetHints":{"allow":["GET"]}}],"collection":[{"href":"https:\/\/koreabtx.com\/pl\/wp-json\/wp\/v2\/product"}],"about":[{"href":"https:\/\/koreabtx.com\/pl\/wp-json\/wp\/v2\/types\/product"}],"replies":[{"embeddable":true,"href":"https:\/\/koreabtx.com\/pl\/wp-json\/wp\/v2\/comments?post=944"}],"wp:featuredmedia":[{"embeddable":true,"href":"https:\/\/koreabtx.com\/pl\/wp-json\/wp\/v2\/media\/948"}],"wp:attachment":[{"href":"https:\/\/koreabtx.com\/pl\/wp-json\/wp\/v2\/media?parent=944"}],"wp:term":[{"taxonomy":"product_brand","embeddable":true,"href":"https:\/\/koreabtx.com\/pl\/wp-json\/wp\/v2\/product_brand?post=944"},{"taxonomy":"product_cat","embeddable":true,"href":"https:\/\/koreabtx.com\/pl\/wp-json\/wp\/v2\/product_cat?post=944"},{"taxonomy":"product_tag","embeddable":true,"href":"https:\/\/koreabtx.com\/pl\/wp-json\/wp\/v2\/product_tag?post=944"},{"taxonomy":"product_brands","embeddable":true,"href":"https:\/\/koreabtx.com\/pl\/wp-json\/wp\/v2\/product_brands?post=944"}],"curies":[{"name":"wp","href":"https:\/\/api.w.org\/{rel}","templated":true}]}}